{"id":18,"date":"2015-06-18T11:04:41","date_gmt":"2015-06-18T09:04:41","guid":{"rendered":"http:\/\/xn--schtzenkrauthausen-o6b.de\/?page_id=18"},"modified":"2015-07-06T10:56:51","modified_gmt":"2015-07-06T08:56:51","slug":"vereinsleben","status":"publish","type":"page","link":"https:\/\/xn--schtzenkrauthausen-o6b.de\/?page_id=18","title":{"rendered":"Vereinsleben"},"content":{"rendered":"<p>Die Mitglieder der Sch\u00fctzenbruderschaft Krauthausen treffen sich jeden Donnerstag ab 19:00 Uhr im Sch\u00fctzenhaus zum Trainieren von Luftgewehr und Luftpistole schie\u00dfen und gem\u00fctlichem Beisammensein.<\/p>\n<p>Die Jugend der Sch\u00fctzen trifft sich bereits am Donnerstag Nachmittag.<\/p>\n<p>Des weiteren nimmt die Jugend sowie die Senioren an Bruderschaftsvergleichk\u00e4mpfen teil. Hier messen sich die Sch\u00fctzenbruderschaften des Bezirks im Schie\u00dfsport.<\/p>\n","protected":false},"excerpt":{"rendered":"<p>Die Mitglieder der Sch\u00fctzenbruderschaft Krauthausen treffen sich jeden Donnerstag ab 19:00 Uhr im Sch\u00fctzenhaus zum Trainieren von Luftgewehr und Luftpistole schie\u00dfen und gem\u00fctlichem Beisammensein. Die Jugend der Sch\u00fctzen trifft sich bereits am Donnerstag Nachmittag. Des weiteren nimmt die Jugend sowie die Senioren an Bruderschaftsvergleichk\u00e4mpfen teil. Hier messen sich die Sch\u00fctzenbruderschaften des Bezirks im Schie\u00dfsport.<\/p>\n","protected":false},"author":1,"featured_media":0,"parent":16,"menu_order":0,"comment_status":"closed","ping_status":"closed","template":"","meta":{"_mc_calendar":[],"footnotes":""},"class_list":["post-18","page","type-page","status-publish","hentry"],"_links":{"self":[{"href":"https:\/\/xn--schtzenkrauthausen-o6b.de\/index.php?rest_route=\/wp\/v2\/pages\/18","targetHints":{"allow":["GET"]}}],"collection":[{"href":"https:\/\/xn--schtzenkrauthausen-o6b.de\/index.php?rest_route=\/wp\/v2\/pages"}],"about":[{"href":"https:\/\/xn--schtzenkrauthausen-o6b.de\/index.php?rest_route=\/wp\/v2\/types\/page"}],"author":[{"embeddable":true,"href":"https:\/\/xn--schtzenkrauthausen-o6b.de\/index.php?rest_route=\/wp\/v2\/users\/1"}],"replies":[{"embeddable":true,"href":"https:\/\/xn--schtzenkrauthausen-o6b.de\/index.php?rest_route=%2Fwp%2Fv2%2Fcomments&post=18"}],"version-history":[{"count":3,"href":"https:\/\/xn--schtzenkrauthausen-o6b.de\/index.php?rest_route=\/wp\/v2\/pages\/18\/revisions"}],"predecessor-version":[{"id":94,"href":"https:\/\/xn--schtzenkrauthausen-o6b.de\/index.php?rest_route=\/wp\/v2\/pages\/18\/revisions\/94"}],"up":[{"embeddable":true,"href":"https:\/\/xn--schtzenkrauthausen-o6b.de\/index.php?rest_route=\/wp\/v2\/pages\/16"}],"wp:attachment":[{"href":"https:\/\/xn--schtzenkrauthausen-o6b.de\/index.php?rest_route=%2Fwp%2Fv2%2Fmedia&parent=18"}],"curies":[{"name":"wp","href":"https:\/\/api.w.org\/{rel}","templated":true}]}}